{"id":225,"date":"2023-11-21T16:28:53","date_gmt":"2023-11-21T15:28:53","guid":{"rendered":"https:\/\/lessonswithraquel.es\/?page_id=225"},"modified":"2023-12-04T08:45:39","modified_gmt":"2023-12-04T07:45:39","slug":"tutorias-individuales-y-clases-grupales","status":"publish","type":"page","link":"https:\/\/lessonswithraquel.es\/en\/tutorias-individuales-y-clases-grupales\/","title":{"rendered":"Individual Tutoring and Group Classes"},"content":{"rendered":"<div data-elementor-type=\"wp-page\" data-elementor-id=\"225\" class=\"elementor elementor-225\">\n\t\t\t\t\t\t<section class=\"elementor-section elementor-top-section elementor-element elementor-element-9b40479 elementor-section-full_width elementor-section-height-default elementor-section-height-default\" data-id=\"9b40479\" data-element_type=\"section\" data-e-type=\"section\">\n\t\t\t\t\t\t<div class=\"elementor-container elementor-column-gap-default\">\n\t\t\t\t\t<div class=\"elementor-column elementor-col-50 elementor-top-column elementor-element elementor-element-f3830ee\" data-id=\"f3830ee\" data-element_type=\"column\" data-e-type=\"column\">\n\t\t\t<div class=\"elementor-widget-wrap elementor-element-populated\">\n\t\t\t\t\t\t<div class=\"elementor-element elementor-element-d49e317 elementor-widget elementor-widget-heading\" data-id=\"d49e317\" data-element_type=\"widget\" data-e-type=\"widget\" data-widget_type=\"heading.default\">\n\t\t\t\t<div class=\"elementor-widget-container\">\n\t\t\t\t\t<h2 class=\"elementor-heading-title elementor-size-default\">Tutor\u00edas Individuales <br>\ny Clases Grupales<\/h2>\t\t\t\t<\/div>\n\t\t\t\t<\/div>\n\t\t\t\t<div class=\"elementor-element elementor-element-059a5c4 elementor-widget__width-auto elementor-widget elementor-widget-text-editor\" data-id=\"059a5c4\" data-element_type=\"widget\" data-e-type=\"widget\" data-widget_type=\"text-editor.default\">\n\t\t\t\t<div class=\"elementor-widget-container\">\n\t\t\t\t\t\t\t\t\t<p>\u00a0 \u00a0 \u00a01-hour sessions\u00a0 \u00a0\u00a0<\/p>\t\t\t\t\t\t\t\t<\/div>\n\t\t\t\t<\/div>\n\t\t\t\t<div class=\"elementor-element elementor-element-0fa91db elementor-widget__width-auto elementor-widget elementor-widget-text-editor\" data-id=\"0fa91db\" data-element_type=\"widget\" data-e-type=\"widget\" data-widget_type=\"text-editor.default\">\n\t\t\t\t<div class=\"elementor-widget-container\">\n\t\t\t\t\t\t\t\t\t<p>\u00a0 \u00a0 \u00a0Adaptability at different levels\u00a0 \u00a0\u00a0<\/p>\t\t\t\t\t\t\t\t<\/div>\n\t\t\t\t<\/div>\n\t\t\t\t<div class=\"elementor-element elementor-element-d47a37b elementor-widget__width-auto elementor-widget elementor-widget-text-editor\" data-id=\"d47a37b\" data-element_type=\"widget\" data-e-type=\"widget\" data-widget_type=\"text-editor.default\">\n\t\t\t\t<div class=\"elementor-widget-container\">\n\t\t\t\t\t\t\t\t\t<p>\u00a0 \u00a0 \u00a0Syllabus adapted to the environment\u00a0 \u00a0\u00a0<\/p>\t\t\t\t\t\t\t\t<\/div>\n\t\t\t\t<\/div>\n\t\t\t\t<div class=\"elementor-element elementor-element-0a63674 elementor-widget__width-auto elementor-widget elementor-widget-text-editor\" data-id=\"0a63674\" data-element_type=\"widget\" data-e-type=\"widget\" data-widget_type=\"text-editor.default\">\n\t\t\t\t<div class=\"elementor-widget-container\">\n\t\t\t\t\t\t\t\t\t<p>\u00a0 \u00a0 \u00a0Groups of up to 6 persons\u00a0 \u00a0\u00a0<\/p>\t\t\t\t\t\t\t\t<\/div>\n\t\t\t\t<\/div>\n\t\t\t\t<div class=\"elementor-element elementor-element-4e941d2 elementor-widget elementor-widget-text-editor\" data-id=\"4e941d2\" data-element_type=\"widget\" data-e-type=\"widget\" data-widget_type=\"text-editor.default\">\n\t\t\t\t<div class=\"elementor-widget-container\">\n\t\t\t\t\t\t\t\t\t<p>Work on your English as you prefer: individually or in group classes in an easy, comfortable and simple online way.<\/p>\t\t\t\t\t\t\t\t<\/div>\n\t\t\t\t<\/div>\n\t\t\t\t\t<\/div>\n\t\t<\/div>\n\t\t\t\t<div class=\"elementor-column elementor-col-50 elementor-top-column elementor-element elementor-element-c05a0b6\" data-id=\"c05a0b6\" data-element_type=\"column\" data-e-type=\"column\">\n\t\t\t<div class=\"elementor-widget-wrap elementor-element-populated\">\n\t\t\t\t\t\t<div class=\"elementor-element elementor-element-8d3353e elementor-widget elementor-widget-image\" data-id=\"8d3353e\" data-element_type=\"widget\" data-e-type=\"widget\" data-widget_type=\"image.default\">\n\t\t\t\t<div class=\"elementor-widget-container\">\n\t\t\t\t\t\t\t\t\t\t\t\t\t\t\t<img fetchpriority=\"high\" decoding=\"async\" width=\"1024\" height=\"1013\" src=\"https:\/\/lessonswithraquel.es\/wp-content\/uploads\/2023\/11\/Elemento_011-e1700586827988-1024x1013.png\" class=\"attachment-large size-large wp-image-16\" alt=\"Collage de im\u00e1genes con formado por elementos abstractos geom\u00e9tricos y un retrato fotogr\u00e1fico de un adolescente sonriendo\" srcset=\"https:\/\/lessonswithraquel.es\/wp-content\/uploads\/2023\/11\/Elemento_011-e1700586827988-1024x1013.png 1024w, https:\/\/lessonswithraquel.es\/wp-content\/uploads\/2023\/11\/Elemento_011-e1700586827988-300x297.png 300w, https:\/\/lessonswithraquel.es\/wp-content\/uploads\/2023\/11\/Elemento_011-e1700586827988-768x760.png 768w, https:\/\/lessonswithraquel.es\/wp-content\/uploads\/2023\/11\/Elemento_011-e1700586827988.png 1091w\" sizes=\"(max-width: 1024px) 100vw, 1024px\" \/>\t\t\t\t\t\t\t\t\t\t\t\t\t\t\t<\/div>\n\t\t\t\t<\/div>\n\t\t\t\t<div class=\"elementor-element elementor-element-62e375a elementor-hidden-desktop elementor-hidden-mobile elementor-widget elementor-widget-image\" data-id=\"62e375a\" data-element_type=\"widget\" data-e-type=\"widget\" data-widget_type=\"image.default\">\n\t\t\t\t<div class=\"elementor-widget-container\">\n\t\t\t\t\t\t\t\t\t\t\t\t\t\t\t<img decoding=\"async\" width=\"781\" height=\"1024\" src=\"https:\/\/lessonswithraquel.es\/wp-content\/uploads\/2023\/11\/Elemento_012-781x1024.png\" class=\"attachment-large size-large wp-image-17\" alt=\"Patr\u00f3n de dise\u00f1o formado por elementos abstractos geom\u00e9tricos\" srcset=\"https:\/\/lessonswithraquel.es\/wp-content\/uploads\/2023\/11\/Elemento_012-781x1024.png 781w, https:\/\/lessonswithraquel.es\/wp-content\/uploads\/2023\/11\/Elemento_012-229x300.png 229w, https:\/\/lessonswithraquel.es\/wp-content\/uploads\/2023\/11\/Elemento_012-768x1007.png 768w, https:\/\/lessonswithraquel.es\/wp-content\/uploads\/2023\/11\/Elemento_012.png 824w\" sizes=\"(max-width: 781px) 100vw, 781px\" \/>\t\t\t\t\t\t\t\t\t\t\t\t\t\t\t<\/div>\n\t\t\t\t<\/div>\n\t\t\t\t\t<\/div>\n\t\t<\/div>\n\t\t\t\t\t<\/div>\n\t\t<\/section>\n\t\t\t\t<\/div>","protected":false},"excerpt":{"rendered":"<p>Tutor\u00edas Individuales y Clases Grupales \u00a0 \u00a0 \u00a0Sesiones de 1h\u00a0 \u00a0\u00a0 \u00a0 \u00a0 \u00a0Adaptabilidad a distintos niveles\u00a0 \u00a0\u00a0 \u00a0 \u00a0 \u00a0Temario adaptado al entorno\u00a0 \u00a0\u00a0 \u00a0 \u00a0 \u00a0Grupos de hasta 6 personas\u00a0 \u00a0\u00a0 Trabaja tu ingl\u00e9s como prefieras: de manera individual o en clases grupales de manera Online, f\u00e1cil, c\u00f3moda y sencilla.<\/p>","protected":false},"author":1,"featured_media":0,"parent":0,"menu_order":0,"comment_status":"closed","ping_status":"closed","template":"elementor_header_footer","meta":{"site-sidebar-layout":"default","site-content-layout":"","ast-site-content-layout":"full-width-container","site-content-style":"default","site-sidebar-style":"default","ast-global-header-display":"","ast-banner-title-visibility":"","ast-main-header-display":"","ast-hfb-above-header-display":"","ast-hfb-below-header-display":"","ast-hfb-mobile-header-display":"","site-post-title":"","ast-breadcrumbs-content":"","ast-featured-img":"","footer-sml-layout":"","ast-disable-related-posts":"","theme-transparent-header-meta":"","adv-header-id-meta":"","stick-header-meta":"","header-above-stick-meta":"","header-main-stick-meta":"","header-below-stick-meta":"","astra-migrate-meta-layouts":"","ast-page-background-enabled":"default","ast-page-background-meta":{"desktop":{"background-color":"var(--ast-global-color-4)","background-image":"","background-repeat":"repeat","background-position":"center center","background-size":"auto","background-attachment":"scroll","background-type":"","background-media":"","overlay-type":"","overlay-color":"","overlay-opacity":"","overlay-gradient":""},"tablet":{"background-color":"","background-image":"","background-repeat":"repeat","background-position":"center center","background-size":"auto","background-attachment":"scroll","background-type":"","background-media":"","overlay-type":"","overlay-color":"","overlay-opacity":"","overlay-gradient":""},"mobile":{"background-color":"","background-image":"","background-repeat":"repeat","background-position":"center center","background-size":"auto","background-attachment":"scroll","background-type":"","background-media":"","overlay-type":"","overlay-color":"","overlay-opacity":"","overlay-gradient":""}},"ast-content-background-meta":{"desktop":{"background-color":"var(--ast-global-color-5)","background-image":"","background-repeat":"repeat","background-position":"center center","background-size":"auto","background-attachment":"scroll","background-type":"","background-media":"","overlay-type":"","overlay-color":"","overlay-opacity":"","overlay-gradient":""},"tablet":{"background-color":"var(--ast-global-color-5)","background-image":"","background-repeat":"repeat","background-position":"center center","background-size":"auto","background-attachment":"scroll","background-type":"","background-media":"","overlay-type":"","overlay-color":"","overlay-opacity":"","overlay-gradient":""},"mobile":{"background-color":"var(--ast-global-color-5)","background-image":"","background-repeat":"repeat","background-position":"center center","background-size":"auto","background-attachment":"scroll","background-type":"","background-media":"","overlay-type":"","overlay-color":"","overlay-opacity":"","overlay-gradient":""}},"_joinchat":[],"footnotes":""},"class_list":["post-225","page","type-page","status-publish","hentry"],"_links":{"self":[{"href":"https:\/\/lessonswithraquel.es\/en\/wp-json\/wp\/v2\/pages\/225","targetHints":{"allow":["GET"]}}],"collection":[{"href":"https:\/\/lessonswithraquel.es\/en\/wp-json\/wp\/v2\/pages"}],"about":[{"href":"https:\/\/lessonswithraquel.es\/en\/wp-json\/wp\/v2\/types\/page"}],"author":[{"embeddable":true,"href":"https:\/\/lessonswithraquel.es\/en\/wp-json\/wp\/v2\/users\/1"}],"replies":[{"embeddable":true,"href":"https:\/\/lessonswithraquel.es\/en\/wp-json\/wp\/v2\/comments?post=225"}],"version-history":[{"count":41,"href":"https:\/\/lessonswithraquel.es\/en\/wp-json\/wp\/v2\/pages\/225\/revisions"}],"predecessor-version":[{"id":736,"href":"https:\/\/lessonswithraquel.es\/en\/wp-json\/wp\/v2\/pages\/225\/revisions\/736"}],"wp:attachment":[{"href":"https:\/\/lessonswithraquel.es\/en\/wp-json\/wp\/v2\/media?parent=225"}],"curies":[{"name":"wp","href":"https:\/\/api.w.org\/{rel}","templated":true}]}}